{"id":425,"date":"2020-07-13T11:58:56","date_gmt":"2020-07-13T09:58:56","guid":{"rendered":"http:\/\/2020.ferienpark.de\/?page_id=425"},"modified":"2022-03-28T17:25:01","modified_gmt":"2022-03-28T15:25:01","slug":"startseite","status":"publish","type":"page","link":"https:\/\/ferienpark.de\/en\/","title":{"rendered":"Startseite"},"content":{"rendered":"<div data-elementor-type=\"wp-page\" data-elementor-id=\"425\" class=\"elementor elementor-425\" data-elementor-post-type=\"page\">\n\t\t\t\t\t\t<section class=\"elementor-section elementor-top-section elementor-element elementor-element-9a48f50 elementor-section-boxed elementor-section-height-default elementor-section-height-default\" data-id=\"9a48f50\" data-element_type=\"section\">\n\t\t\t\t\t\t<div class=\"elementor-container elementor-column-gap-default\">\n\t\t\t\t\t<div class=\"elementor-column elementor-col-100 elementor-top-column elementor-element elementor-element-1ebde66\" data-id=\"1ebde66\" data-element_type=\"column\">\n\t\t\t<div class=\"elementor-widget-wrap elementor-element-populated\">\n\t\t\t\t\t\t<div class=\"elementor-element elementor-element-3ccd573 elementor-widget elementor-widget-heading\" data-id=\"3ccd573\" data-element_type=\"widget\" data-widget_type=\"heading.default\">\n\t\t\t\t<div class=\"elementor-widget-container\">\n\t\t\t\t\t<h4 class=\"elementor-heading-title elementor-size-default\">Welcome! We\u2019re glad you came!<\/h4>\t\t\t\t<\/div>\n\t\t\t\t<\/div>\n\t\t\t\t\t<\/div>\n\t\t<\/div>\n\t\t\t\t\t<\/div>\n\t\t<\/section>\n\t\t\t\t<section class=\"elementor-section elementor-top-section elementor-element elementor-element-d26c05e elementor-section-boxed elementor-section-height-default elementor-section-height-default\" data-id=\"d26c05e\" data-element_type=\"section\">\n\t\t\t\t\t\t<div class=\"elementor-container elementor-column-gap-default\">\n\t\t\t\t\t<div class=\"elementor-column elementor-col-100 elementor-top-column elementor-element elementor-element-783bd21\" data-id=\"783bd21\" data-element_type=\"column\">\n\t\t\t<div class=\"elementor-widget-wrap elementor-element-populated\">\n\t\t\t\t\t\t<div class=\"elementor-element elementor-element-c1f9d49 elementor-widget elementor-widget-video\" data-id=\"c1f9d49\" data-element_type=\"widget\" data-settings=\"{&quot;video_type&quot;:&quot;hosted&quot;,&quot;autoplay&quot;:&quot;yes&quot;,&quot;mute&quot;:&quot;yes&quot;,&quot;loop&quot;:&quot;yes&quot;}\" data-widget_type=\"video.default\">\n\t\t\t\t<div class=\"elementor-widget-container\">\n\t\t\t\t\t\t\t<div class=\"e-hosted-video elementor-wrapper elementor-open-inline\">\n\t\t\t\t\t<video class=\"elementor-video\" src=\"https:\/\/ferienpark.de\/wp-content\/uploads\/2020\/12\/trailer_no_music.mp4\" autoplay=\"\" loop=\"\" muted=\"muted\" controlslist=\"nodownload\"><\/video>\n\t\t\t\t<\/div>\n\t\t\t\t\t\t<\/div>\n\t\t\t\t<\/div>\n\t\t\t\t\t<\/div>\n\t\t<\/div>\n\t\t\t\t\t<\/div>\n\t\t<\/section>\n\t\t\t\t<section class=\"elementor-section elementor-top-section elementor-element elementor-element-1aff68a4 elementor-section-boxed elementor-section-height-default elementor-section-height-default\" data-id=\"1aff68a4\" data-element_type=\"section\">\n\t\t\t\t\t\t<div class=\"elementor-container elementor-column-gap-default\">\n\t\t\t\t\t<div class=\"elementor-column elementor-col-100 elementor-top-column elementor-element elementor-element-4848ea32\" data-id=\"4848ea32\" data-element_type=\"column\">\n\t\t\t<div class=\"elementor-widget-wrap elementor-element-populated\">\n\t\t\t\t\t\t<div class=\"elementor-element elementor-element-176c5e52 elementor-widget elementor-widget-text-editor\" data-id=\"176c5e52\" data-element_type=\"widget\" data-widget_type=\"text-editor.default\">\n\t\t\t\t<div class=\"elementor-widget-container\">\n\t\t\t\t\t\t\t\t\t<p>At our four holiday parks, we offer pitches for mobile homes\/weekend cottages and caravans for both permanent campers and holidaymakers. Each holiday park has something different to offer. Have a look around!<\/p><p>Have any questions for us? Feel free to contact the site managers of the individual holiday parks or the general management of all our holiday parks in M\u00fclheim an der Ruhr.<\/p>\t\t\t\t\t\t\t\t<\/div>\n\t\t\t\t<\/div>\n\t\t\t\t\t<\/div>\n\t\t<\/div>\n\t\t\t\t\t<\/div>\n\t\t<\/section>\n\t\t\t\t<section class=\"elementor-section elementor-top-section elementor-element elementor-element-67ac83c elementor-section-boxed elementor-section-height-default elementor-section-height-default\" data-id=\"67ac83c\" data-element_type=\"section\">\n\t\t\t\t\t\t<div class=\"elementor-container elementor-column-gap-default\">\n\t\t\t\t\t<div class=\"elementor-column elementor-col-100 elementor-top-column elementor-element elementor-element-c82ab1b\" data-id=\"c82ab1b\" data-element_type=\"column\">\n\t\t\t<div class=\"elementor-widget-wrap elementor-element-populated\">\n\t\t\t\t\t\t<div class=\"elementor-element elementor-element-a9b3a19 elementor-widget elementor-widget-html\" data-id=\"a9b3a19\" data-element_type=\"widget\" data-widget_type=\"html.default\">\n\t\t\t\t<div class=\"elementor-widget-container\">\n\t\t\t\t\t<center><a id=\"camping-info-rating-widget\" href=\"https:\/\/www.camping.info\/de\/campingplatz\/camping-buschhof&amp;utm_source=campsite&amp;utm_medium=widget&amp;utm_campaign=rating-widget\" title=\"Camping Buschhof\" target=\"_blank\" rel=\"nofollow noopener\">Camping Buschhof<\/a>\r\n<script async src=\"https:\/\/campsites.camping.info\/helper\/widget.js?id=18461&amp;lang=de&amp;size=large\"><\/script><\/center>\t\t\t\t<\/div>\n\t\t\t\t<\/div>\n\t\t\t\t\t<\/div>\n\t\t<\/div>\n\t\t\t\t\t<\/div>\n\t\t<\/section>\n\t\t\t\t<\/div>","protected":false},"excerpt":{"rendered":"<p>Herzlich willkommen! Sch\u00f6n, dass Sie zu uns gefunden haben! https:\/\/ferienpark.de\/wp-content\/uploads\/2020\/12\/trailer_no_music.mp4 Wir bieten auf unseren vier Ferienparks Stellpl\u00e4tze f\u00fcr Mobilheime \/ Wochenendh\u00e4user oder Wohnwagen unserer Dauercamper oder Ferieng\u00e4ste. Jeder Ferienpark hat verschiedene Angebote f\u00fcr Sie. St\u00f6bern Sie gerne herum! Bei Interesse&#8230;<\/p>","protected":false},"author":3,"featured_media":2415,"parent":0,"menu_order":0,"comment_status":"closed","ping_status":"closed","template":"","meta":{"footnotes":""},"class_list":["post-425","page","type-page","status-publish","has-post-thumbnail","hentry"],"_links":{"self":[{"href":"https:\/\/ferienpark.de\/en\/wp-json\/wp\/v2\/pages\/425","targetHints":{"allow":["GET"]}}],"collection":[{"href":"https:\/\/ferienpark.de\/en\/wp-json\/wp\/v2\/pages"}],"about":[{"href":"https:\/\/ferienpark.de\/en\/wp-json\/wp\/v2\/types\/page"}],"author":[{"embeddable":true,"href":"https:\/\/ferienpark.de\/en\/wp-json\/wp\/v2\/users\/3"}],"replies":[{"embeddable":true,"href":"https:\/\/ferienpark.de\/en\/wp-json\/wp\/v2\/comments?post=425"}],"version-history":[{"count":25,"href":"https:\/\/ferienpark.de\/en\/wp-json\/wp\/v2\/pages\/425\/revisions"}],"predecessor-version":[{"id":2867,"href":"https:\/\/ferienpark.de\/en\/wp-json\/wp\/v2\/pages\/425\/revisions\/2867"}],"wp:featuredmedia":[{"embeddable":true,"href":"https:\/\/ferienpark.de\/en\/wp-json\/wp\/v2\/media\/2415"}],"wp:attachment":[{"href":"https:\/\/ferienpark.de\/en\/wp-json\/wp\/v2\/media?parent=425"}],"curies":[{"name":"wp","href":"https:\/\/api.w.org\/{rel}","templated":true}]}}