{"id":386,"date":"2020-07-08T21:13:23","date_gmt":"2020-07-08T19:13:23","guid":{"rendered":"http:\/\/2020.ferienpark.de\/?page_id=386"},"modified":"2020-11-20T15:19:31","modified_gmt":"2020-11-20T14:19:31","slug":"unternehmen","status":"publish","type":"page","link":"https:\/\/ferienpark.de\/en\/unternehmen","title":{"rendered":"Company"},"content":{"rendered":"<div data-elementor-type=\"wp-page\" data-elementor-id=\"386\" class=\"elementor elementor-386\" data-elementor-post-type=\"page\">\n\t\t\t\t\t\t<section class=\"elementor-section elementor-top-section elementor-element elementor-element-aa40723 elementor-section-boxed elementor-section-height-default elementor-section-height-default\" data-id=\"aa40723\" data-element_type=\"section\">\n\t\t\t\t\t\t<div class=\"elementor-container elementor-column-gap-default\">\n\t\t\t\t\t<div class=\"elementor-column elementor-col-100 elementor-top-column elementor-element elementor-element-6dc0c1e\" data-id=\"6dc0c1e\" data-element_type=\"column\">\n\t\t\t<div class=\"elementor-widget-wrap elementor-element-populated\">\n\t\t\t\t\t\t<div class=\"elementor-element elementor-element-9103172 elementor-widget-divider--view-line_icon elementor-view-default elementor-widget-divider--element-align-center elementor-widget elementor-widget-divider\" data-id=\"9103172\" data-element_type=\"widget\" data-widget_type=\"divider.default\">\n\t\t\t\t<div class=\"elementor-widget-container\">\n\t\t\t\t\t\t\t<div class=\"elementor-divider\">\n\t\t\t<span class=\"elementor-divider-separator\">\n\t\t\t\t\t\t\t<div class=\"elementor-icon elementor-divider__element\">\n\t\t\t\t\t<svg aria-hidden=\"true\" class=\"e-font-icon-svg e-fas-campground\" viewbox=\"0 0 640 512\" xmlns=\"http:\/\/www.w3.org\/2000\/svg\"><path d=\"M624 448h-24.68L359.54 117.75l53.41-73.55c5.19-7.15 3.61-17.16-3.54-22.35l-25.9-18.79c-7.15-5.19-17.15-3.61-22.35 3.55L320 63.3 278.83 6.6c-5.19-7.15-15.2-8.74-22.35-3.55l-25.88 18.8c-7.15 5.19-8.74 15.2-3.54 22.35l53.41 73.55L40.68 448H16c-8.84 0-16 7.16-16 16v32c0 8.84 7.16 16 16 16h608c8.84 0 16-7.16 16-16v-32c0-8.84-7.16-16-16-16zM320 288l116.36 160H203.64L320 288z\"><\/path><\/svg><\/div>\n\t\t\t\t\t\t<\/span>\n\t\t<\/div>\n\t\t\t\t\t\t<\/div>\n\t\t\t\t<\/div>\n\t\t\t\t\t<\/div>\n\t\t<\/div>\n\t\t\t\t\t<\/div>\n\t\t<\/section>\n\t\t\t\t<section class=\"elementor-section elementor-top-section elementor-element elementor-element-159b7a2 elementor-section-boxed elementor-section-height-default elementor-section-height-default\" data-id=\"159b7a2\" data-element_type=\"section\">\n\t\t\t\t\t\t<div class=\"elementor-container elementor-column-gap-default\">\n\t\t\t\t\t<div class=\"elementor-column elementor-col-50 elementor-top-column elementor-element elementor-element-15122d8\" data-id=\"15122d8\" data-element_type=\"column\">\n\t\t\t<div class=\"elementor-widget-wrap elementor-element-populated\">\n\t\t\t\t\t\t<div class=\"elementor-element elementor-element-5849416 elementor-widget elementor-widget-image\" data-id=\"5849416\" data-element_type=\"widget\" data-widget_type=\"image.default\">\n\t\t\t\t<div class=\"elementor-widget-container\">\n\t\t\t\t\t\t\t\t\t\t\t\t\t\t\t\t<a href=\"https:\/\/ferienpark.de\/en\/unternehmen\">\n\t\t\t\t\t\t\t<img decoding=\"async\" width=\"300\" height=\"159\" src=\"https:\/\/ferienpark.de\/wp-content\/uploads\/2020\/07\/cropped-logo-web-klein-300x159.png\" class=\"elementor-animation-shrink attachment-medium size-medium wp-image-5\" alt=\"\" srcset=\"https:\/\/ferienpark.de\/wp-content\/uploads\/2020\/07\/cropped-logo-web-klein-300x159.png 300w, https:\/\/ferienpark.de\/wp-content\/uploads\/2020\/07\/cropped-logo-web-klein.png 592w\" sizes=\"(max-width: 300px) 100vw, 300px\" title=\"\">\t\t\t\t\t\t\t\t<\/a>\n\t\t\t\t\t\t\t\t\t\t\t\t\t\t\t<\/div>\n\t\t\t\t<\/div>\n\t\t\t\t\t<\/div>\n\t\t<\/div>\n\t\t\t\t<div class=\"elementor-column elementor-col-50 elementor-top-column elementor-element elementor-element-0de94e4\" data-id=\"0de94e4\" data-element_type=\"column\">\n\t\t\t<div class=\"elementor-widget-wrap elementor-element-populated\">\n\t\t\t\t\t\t<div class=\"elementor-element elementor-element-4b5cc2d elementor-widget elementor-widget-text-editor\" data-id=\"4b5cc2d\" data-element_type=\"widget\" data-widget_type=\"text-editor.default\">\n\t\t\t\t<div class=\"elementor-widget-container\">\n\t\t\t\t\t\t\t\t\t<p><a href=\"https:\/\/ferienpark.de\/en\/unternehmen\">The Rohloff company has been operating campsites and holiday parks for over forty years. Our first holiday park was founded by Klaus Rohloff back in the 1980s. Today, as the 2nd generation, the Rohloff siblings run the four holiday parks in Northwest Germany. The company is based in M\u00fclheim on the Ruhr.\u00a0<\/a><\/p>\t\t\t\t\t\t\t\t<\/div>\n\t\t\t\t<\/div>\n\t\t\t\t\t<\/div>\n\t\t<\/div>\n\t\t\t\t\t<\/div>\n\t\t<\/section>\n\t\t\t\t<section class=\"elementor-section elementor-top-section elementor-element elementor-element-81f6bb1 elementor-section-boxed elementor-section-height-default elementor-section-height-default\" data-id=\"81f6bb1\" data-element_type=\"section\">\n\t\t\t\t\t\t<div class=\"elementor-container elementor-column-gap-default\">\n\t\t\t\t\t<div class=\"elementor-column elementor-col-100 elementor-top-column elementor-element elementor-element-d207c2d\" data-id=\"d207c2d\" data-element_type=\"column\">\n\t\t\t<div class=\"elementor-widget-wrap elementor-element-populated\">\n\t\t\t\t\t\t<div class=\"elementor-element elementor-element-a536ae7 elementor-widget-divider--view-line_icon elementor-view-default elementor-widget-divider--element-align-center elementor-widget elementor-widget-divider\" data-id=\"a536ae7\" data-element_type=\"widget\" data-widget_type=\"divider.default\">\n\t\t\t\t<div class=\"elementor-widget-container\">\n\t\t\t\t\t\t\t<div class=\"elementor-divider\">\n\t\t\t<span class=\"elementor-divider-separator\">\n\t\t\t\t\t\t\t<div class=\"elementor-icon elementor-divider__element\">\n\t\t\t\t\t<svg aria-hidden=\"true\" class=\"e-font-icon-svg e-fas-campground\" viewbox=\"0 0 640 512\" xmlns=\"http:\/\/www.w3.org\/2000\/svg\"><path d=\"M624 448h-24.68L359.54 117.75l53.41-73.55c5.19-7.15 3.61-17.16-3.54-22.35l-25.9-18.79c-7.15-5.19-17.15-3.61-22.35 3.55L320 63.3 278.83 6.6c-5.19-7.15-15.2-8.74-22.35-3.55l-25.88 18.8c-7.15 5.19-8.74 15.2-3.54 22.35l53.41 73.55L40.68 448H16c-8.84 0-16 7.16-16 16v32c0 8.84 7.16 16 16 16h608c8.84 0 16-7.16 16-16v-32c0-8.84-7.16-16-16-16zM320 288l116.36 160H203.64L320 288z\"><\/path><\/svg><\/div>\n\t\t\t\t\t\t<\/span>\n\t\t<\/div>\n\t\t\t\t\t\t<\/div>\n\t\t\t\t<\/div>\n\t\t\t\t\t<\/div>\n\t\t<\/div>\n\t\t\t\t\t<\/div>\n\t\t<\/section>\n\t\t\t\t<section class=\"elementor-section elementor-top-section elementor-element elementor-element-5aade99 elementor-section-boxed elementor-section-height-default elementor-section-height-default\" data-id=\"5aade99\" data-element_type=\"section\">\n\t\t\t\t\t\t<div class=\"elementor-container elementor-column-gap-default\">\n\t\t\t\t\t<div class=\"elementor-column elementor-col-50 elementor-top-column elementor-element elementor-element-738f912\" data-id=\"738f912\" data-element_type=\"column\">\n\t\t\t<div class=\"elementor-widget-wrap elementor-element-populated\">\n\t\t\t\t\t\t<div class=\"elementor-element elementor-element-f02682e elementor-widget elementor-widget-image\" data-id=\"f02682e\" data-element_type=\"widget\" data-widget_type=\"image.default\">\n\t\t\t\t<div class=\"elementor-widget-container\">\n\t\t\t\t\t\t\t\t\t\t\t\t\t\t\t\t<a href=\"https:\/\/terra-flair.de\/\" target=\"_blank\" rel=\"nofollow noopener\">\n\t\t\t\t\t\t\t<img decoding=\"async\" width=\"270\" height=\"152\" src=\"https:\/\/ferienpark.de\/wp-content\/uploads\/2020\/07\/logo.png\" class=\"elementor-animation-shrink attachment-medium_large size-medium_large wp-image-416\" alt=\"\" srcset=\"https:\/\/ferienpark.de\/wp-content\/uploads\/2020\/07\/logo.png 270w, https:\/\/ferienpark.de\/wp-content\/uploads\/2020\/07\/logo-18x10.png 18w\" sizes=\"(max-width: 270px) 100vw, 270px\" title=\"\">\t\t\t\t\t\t\t\t<\/a>\n\t\t\t\t\t\t\t\t\t\t\t\t\t\t\t<\/div>\n\t\t\t\t<\/div>\n\t\t\t\t\t<\/div>\n\t\t<\/div>\n\t\t\t\t<div class=\"elementor-column elementor-col-50 elementor-top-column elementor-element elementor-element-61a7fe7\" data-id=\"61a7fe7\" data-element_type=\"column\">\n\t\t\t<div class=\"elementor-widget-wrap elementor-element-populated\">\n\t\t\t\t\t\t<div class=\"elementor-element elementor-element-9dc8124 elementor-widget elementor-widget-text-editor\" data-id=\"9dc8124\" data-element_type=\"widget\" data-widget_type=\"text-editor.default\">\n\t\t\t\t<div class=\"elementor-widget-container\">\n\t\t\t\t\t\t\t\t\t<p><a href=\"https:\/\/terra-flair.de\/\" target=\"_blank\" rel=\"noopener nofollow\">On the premises of Rohloff Ferienpark GmbH, where the management of the campsites and holiday parks is based, we also run a retail outlet called \u201cTerra Flair f\u00fcr Haus und Garten\u201d. The shop specialises in garden furniture and plants.<\/a><\/p><p><a href=\"https:\/\/terra-flair.de\/\" target=\"_blank\" rel=\"noopener nofollow\">Visit TERRA-FLAIR in M\u00fclheim on the Ruhr, to find inspiration for your home and garden. We offer a fine selection of brand-name furniture, parasols and home accessories. Our premium assortment includes garden furniture makers such as DEDON, MANUTTI, GLATZ, FISCHER, CANE-LINE and many more.<\/a><\/p>\t\t\t\t\t\t\t\t<\/div>\n\t\t\t\t<\/div>\n\t\t\t\t\t<\/div>\n\t\t<\/div>\n\t\t\t\t\t<\/div>\n\t\t<\/section>\n\t\t\t\t<section class=\"elementor-section elementor-top-section elementor-element elementor-element-ac1e445 elementor-section-boxed elementor-section-height-default elementor-section-height-default\" data-id=\"ac1e445\" data-element_type=\"section\">\n\t\t\t\t\t\t<div class=\"elementor-container elementor-column-gap-default\">\n\t\t\t\t\t<div class=\"elementor-column elementor-col-100 elementor-top-column elementor-element elementor-element-0c1628c\" data-id=\"0c1628c\" data-element_type=\"column\">\n\t\t\t<div class=\"elementor-widget-wrap\">\n\t\t\t\t\t\t\t<\/div>\n\t\t<\/div>\n\t\t\t\t\t<\/div>\n\t\t<\/section>\n\t\t\t\t<\/div>","protected":false},"excerpt":{"rendered":"<p>Seit \u00fcber vierzig Jahren betreibt die Firma Rohloff Campingpl\u00e4tze und Ferienparks. Klaus Rohloff hat in den 80er Jahren den ersten Ferienpark gegr\u00fcndet und jetzt betreiben die Geschwister Rohloff in der 2. Generation vier Ferienparks in Nordwestdeutschland. Der Sitz des Unternehmens&#8230;<\/p>","protected":false},"author":3,"featured_media":0,"parent":0,"menu_order":0,"comment_status":"closed","ping_status":"closed","template":"","meta":{"footnotes":""},"class_list":["post-386","page","type-page","status-publish","hentry"],"_links":{"self":[{"href":"https:\/\/ferienpark.de\/en\/wp-json\/wp\/v2\/pages\/386","targetHints":{"allow":["GET"]}}],"collection":[{"href":"https:\/\/ferienpark.de\/en\/wp-json\/wp\/v2\/pages"}],"about":[{"href":"https:\/\/ferienpark.de\/en\/wp-json\/wp\/v2\/types\/page"}],"author":[{"embeddable":true,"href":"https:\/\/ferienpark.de\/en\/wp-json\/wp\/v2\/users\/3"}],"replies":[{"embeddable":true,"href":"https:\/\/ferienpark.de\/en\/wp-json\/wp\/v2\/comments?post=386"}],"version-history":[{"count":0,"href":"https:\/\/ferienpark.de\/en\/wp-json\/wp\/v2\/pages\/386\/revisions"}],"wp:attachment":[{"href":"https:\/\/ferienpark.de\/en\/wp-json\/wp\/v2\/media?parent=386"}],"curies":[{"name":"wp","href":"https:\/\/api.w.org\/{rel}","templated":true}]}}